{"id":921,"date":"2022-03-04T08:49:47","date_gmt":"2022-03-04T07:49:47","guid":{"rendered":"https:\/\/formazione.futurapilates.it\/?page_id=921"},"modified":"2025-11-05T22:04:08","modified_gmt":"2025-11-05T21:04:08","slug":"programmi","status":"publish","type":"page","link":"https:\/\/formazione.futurapilates.it\/index.php\/programmi\/","title":{"rendered":"Programmi"},"content":{"rendered":"\t\t<div data-elementor-type=\"wp-page\" data-elementor-id=\"921\" class=\"elementor elementor-921\" data-elementor-post-type=\"page\">\n\t\t\t\t\t\t<section class=\"elementor-section elementor-top-section elementor-element elementor-element-510db2f elementor-section-stretched elementor-section-full_width elementor-section-height-default elementor-section-height-default\" data-id=\"510db2f\" data-element_type=\"section\" data-e-type=\"section\" data-settings=\"{&quot;stretch_section&quot;:&quot;section-stretched&quot;}\">\n\t\t\t\t\t\t<div class=\"elementor-container elementor-column-gap-default\">\n\t\t\t\t\t<div class=\"elementor-column elementor-col-100 elementor-top-column elementor-element elementor-element-5a227ee\" data-id=\"5a227ee\" data-element_type=\"column\" data-e-type=\"column\">\n\t\t\t<div class=\"elementor-widget-wrap elementor-element-populated\">\n\t\t\t\t\t\t<div class=\"elementor-element elementor-element-8c70c56 elementor-widget elementor-widget-image\" data-id=\"8c70c56\" data-element_type=\"widget\" data-e-type=\"widget\" data-widget_type=\"image.default\">\n\t\t\t\t<div class=\"elementor-widget-container\">\n\t\t\t\t\t\t\t\t\t\t\t\t\t\t\t<img fetchpriority=\"high\" decoding=\"async\" width=\"1024\" height=\"577\" src=\"https:\/\/formazione.futurapilates.it\/wp-content\/uploads\/2025\/11\/2-1-1024x577.png\" class=\"attachment-large size-large wp-image-2544\" alt=\"\" srcset=\"https:\/\/formazione.futurapilates.it\/wp-content\/uploads\/2025\/11\/2-1-1024x577.png 1024w, https:\/\/formazione.futurapilates.it\/wp-content\/uploads\/2025\/11\/2-1-300x169.png 300w, https:\/\/formazione.futurapilates.it\/wp-content\/uploads\/2025\/11\/2-1-768x433.png 768w, https:\/\/formazione.futurapilates.it\/wp-content\/uploads\/2025\/11\/2-1-1536x865.png 1536w, https:\/\/formazione.futurapilates.it\/wp-content\/uploads\/2025\/11\/2-1.png 1640w\" sizes=\"(max-width: 1024px) 100vw, 1024px\" \/>\t\t\t\t\t\t\t\t\t\t\t\t\t\t\t<\/div>\n\t\t\t\t<\/div>\n\t\t\t\t\t<\/div>\n\t\t<\/div>\n\t\t\t\t\t<\/div>\n\t\t<\/section>\n\t\t\t\t<section class=\"elementor-section elementor-top-section elementor-element elementor-element-3545220 elementor-section-full_width elementor-section-stretched elementor-hidden-mobile elementor-section-height-default elementor-section-height-default\" data-id=\"3545220\" data-element_type=\"section\" data-e-type=\"section\" data-settings=\"{&quot;stretch_section&quot;:&quot;section-stretched&quot;}\">\n\t\t\t\t\t\t<div class=\"elementor-container elementor-column-gap-default\">\n\t\t\t\t\t<div class=\"elementor-column elementor-col-25 elementor-top-column elementor-element elementor-element-5a8f437\" data-id=\"5a8f437\" data-element_type=\"column\" data-e-type=\"column\">\n\t\t\t<div class=\"elementor-widget-wrap\">\n\t\t\t\t\t\t\t<\/div>\n\t\t<\/div>\n\t\t\t\t<div class=\"elementor-column elementor-col-25 elementor-top-column elementor-element elementor-element-1387ab3\" data-id=\"1387ab3\" data-element_type=\"column\" data-e-type=\"column\">\n\t\t\t<div class=\"elementor-widget-wrap elementor-element-populated\">\n\t\t\t\t\t\t<div class=\"elementor-element elementor-element-490984a elementor-widget elementor-widget-heading\" data-id=\"490984a\" data-element_type=\"widget\" data-e-type=\"widget\" data-widget_type=\"heading.default\">\n\t\t\t\t<div class=\"elementor-widget-container\">\n\t\t\t\t\t<h2 class=\"elementor-heading-title elementor-size-default\">MATWORK PROGRAM<\/h2>\t\t\t\t<\/div>\n\t\t\t\t<\/div>\n\t\t\t\t<div class=\"elementor-element elementor-element-f993d7e elementor-widget elementor-widget-image\" data-id=\"f993d7e\" data-element_type=\"widget\" data-e-type=\"widget\" data-widget_type=\"image.default\">\n\t\t\t\t<div class=\"elementor-widget-container\">\n\t\t\t\t\t\t\t\t\t\t\t\t\t\t\t\t<a href=\"https:\/\/formazione.futurapilates.it\/index.php\/matwork-program\/\">\n\t\t\t\t\t\t\t<img decoding=\"async\" width=\"1024\" height=\"1024\" src=\"https:\/\/formazione.futurapilates.it\/wp-content\/uploads\/2025\/11\/2-2-1024x1024.png\" class=\"attachment-large size-large wp-image-2547\" alt=\"\" srcset=\"https:\/\/formazione.futurapilates.it\/wp-content\/uploads\/2025\/11\/2-2-1024x1024.png 1024w, https:\/\/formazione.futurapilates.it\/wp-content\/uploads\/2025\/11\/2-2-300x300.png 300w, https:\/\/formazione.futurapilates.it\/wp-content\/uploads\/2025\/11\/2-2-150x150.png 150w, https:\/\/formazione.futurapilates.it\/wp-content\/uploads\/2025\/11\/2-2-768x768.png 768w, https:\/\/formazione.futurapilates.it\/wp-content\/uploads\/2025\/11\/2-2-1536x1536.png 1536w, https:\/\/formazione.futurapilates.it\/wp-content\/uploads\/2025\/11\/2-2-2048x2048.png 2048w\" sizes=\"(max-width: 1024px) 100vw, 1024px\" \/>\t\t\t\t\t\t\t\t<\/a>\n\t\t\t\t\t\t\t\t\t\t\t\t\t\t\t<\/div>\n\t\t\t\t<\/div>\n\t\t\t\t\t<\/div>\n\t\t<\/div>\n\t\t\t\t<div class=\"elementor-column elementor-col-25 elementor-top-column elementor-element elementor-element-ebc1050\" data-id=\"ebc1050\" data-element_type=\"column\" data-e-type=\"column\">\n\t\t\t<div class=\"elementor-widget-wrap elementor-element-populated\">\n\t\t\t\t\t\t<div class=\"elementor-element elementor-element-2ae214c elementor-widget elementor-widget-heading\" data-id=\"2ae214c\" data-element_type=\"widget\" data-e-type=\"widget\" data-widget_type=\"heading.default\">\n\t\t\t\t<div class=\"elementor-widget-container\">\n\t\t\t\t\t<h2 class=\"elementor-heading-title elementor-size-default\">COMPREHENSIVE PROGRAM<\/h2>\t\t\t\t<\/div>\n\t\t\t\t<\/div>\n\t\t\t\t<div class=\"elementor-element elementor-element-ee60094 elementor-widget elementor-widget-image\" data-id=\"ee60094\" data-element_type=\"widget\" data-e-type=\"widget\" data-widget_type=\"image.default\">\n\t\t\t\t<div class=\"elementor-widget-container\">\n\t\t\t\t\t\t\t\t\t\t\t\t\t\t\t\t<a href=\"https:\/\/formazione.futurapilates.it\/index.php\/comprehensive-program\/\">\n\t\t\t\t\t\t\t<img decoding=\"async\" width=\"1024\" height=\"1024\" src=\"https:\/\/formazione.futurapilates.it\/wp-content\/uploads\/2025\/11\/1-2-1024x1024.png\" class=\"attachment-large size-large wp-image-2546\" alt=\"\" srcset=\"https:\/\/formazione.futurapilates.it\/wp-content\/uploads\/2025\/11\/1-2-1024x1024.png 1024w, https:\/\/formazione.futurapilates.it\/wp-content\/uploads\/2025\/11\/1-2-300x300.png 300w, https:\/\/formazione.futurapilates.it\/wp-content\/uploads\/2025\/11\/1-2-150x150.png 150w, https:\/\/formazione.futurapilates.it\/wp-content\/uploads\/2025\/11\/1-2-768x768.png 768w, https:\/\/formazione.futurapilates.it\/wp-content\/uploads\/2025\/11\/1-2-1536x1536.png 1536w, https:\/\/formazione.futurapilates.it\/wp-content\/uploads\/2025\/11\/1-2-2048x2048.png 2048w\" sizes=\"(max-width: 1024px) 100vw, 1024px\" \/>\t\t\t\t\t\t\t\t<\/a>\n\t\t\t\t\t\t\t\t\t\t\t\t\t\t\t<\/div>\n\t\t\t\t<\/div>\n\t\t\t\t\t<\/div>\n\t\t<\/div>\n\t\t\t\t<div class=\"elementor-column elementor-col-25 elementor-top-column elementor-element elementor-element-65ff9ef\" data-id=\"65ff9ef\" data-element_type=\"column\" data-e-type=\"column\">\n\t\t\t<div class=\"elementor-widget-wrap\">\n\t\t\t\t\t\t\t<\/div>\n\t\t<\/div>\n\t\t\t\t\t<\/div>\n\t\t<\/section>\n\t\t\t\t<section class=\"elementor-section elementor-top-section elementor-element elementor-element-d7be3ca elementor-section-stretched elementor-section-full_width elementor-section-height-default elementor-section-height-default elementor-invisible\" data-id=\"d7be3ca\" data-element_type=\"section\" data-e-type=\"section\" data-settings=\"{&quot;stretch_section&quot;:&quot;section-stretched&quot;,&quot;background_background&quot;:&quot;classic&quot;,&quot;animation&quot;:&quot;fadeInRight&quot;}\">\n\t\t\t\t\t\t<div class=\"elementor-container elementor-column-gap-default\">\n\t\t\t\t\t<div class=\"elementor-column elementor-col-33 elementor-top-column elementor-element elementor-element-bec51ab\" data-id=\"bec51ab\" data-element_type=\"column\" data-e-type=\"column\">\n\t\t\t<div class=\"elementor-widget-wrap elementor-element-populated\">\n\t\t\t\t\t\t<div class=\"elementor-element elementor-element-50309a7 elementor-widget elementor-widget-image\" data-id=\"50309a7\" data-element_type=\"widget\" data-e-type=\"widget\" data-widget_type=\"image.default\">\n\t\t\t\t<div class=\"elementor-widget-container\">\n\t\t\t\t\t\t\t\t\t\t\t\t\t\t\t<img decoding=\"async\" width=\"1024\" height=\"1024\" src=\"https:\/\/formazione.futurapilates.it\/wp-content\/uploads\/2025\/11\/2-2-1024x1024.png\" class=\"attachment-large size-large wp-image-2547\" alt=\"\" srcset=\"https:\/\/formazione.futurapilates.it\/wp-content\/uploads\/2025\/11\/2-2-1024x1024.png 1024w, https:\/\/formazione.futurapilates.it\/wp-content\/uploads\/2025\/11\/2-2-300x300.png 300w, https:\/\/formazione.futurapilates.it\/wp-content\/uploads\/2025\/11\/2-2-150x150.png 150w, https:\/\/formazione.futurapilates.it\/wp-content\/uploads\/2025\/11\/2-2-768x768.png 768w, https:\/\/formazione.futurapilates.it\/wp-content\/uploads\/2025\/11\/2-2-1536x1536.png 1536w, https:\/\/formazione.futurapilates.it\/wp-content\/uploads\/2025\/11\/2-2-2048x2048.png 2048w\" sizes=\"(max-width: 1024px) 100vw, 1024px\" \/>\t\t\t\t\t\t\t\t\t\t\t\t\t\t\t<\/div>\n\t\t\t\t<\/div>\n\t\t\t\t\t<\/div>\n\t\t<\/div>\n\t\t\t\t<div class=\"elementor-column elementor-col-66 elementor-top-column elementor-element elementor-element-4f8c894\" data-id=\"4f8c894\" data-element_type=\"column\" data-e-type=\"column\">\n\t\t\t<div class=\"elementor-widget-wrap elementor-element-populated\">\n\t\t\t\t\t\t<div class=\"elementor-element elementor-element-b1acc25 elementor-widget elementor-widget-heading\" data-id=\"b1acc25\" data-element_type=\"widget\" data-e-type=\"widget\" data-widget_type=\"heading.default\">\n\t\t\t\t<div class=\"elementor-widget-container\">\n\t\t\t\t\t<h2 class=\"elementor-heading-title elementor-size-default\">MATWORK PROGRAM<\/h2>\t\t\t\t<\/div>\n\t\t\t\t<\/div>\n\t\t\t\t<div class=\"elementor-element elementor-element-4fa410c elementor-widget elementor-widget-heading\" data-id=\"4fa410c\" data-element_type=\"widget\" data-e-type=\"widget\" data-widget_type=\"heading.default\">\n\t\t\t\t<div class=\"elementor-widget-container\">\n\t\t\t\t\t<h2 class=\"elementor-heading-title elementor-size-default\">Formazione completa a corpo libero (24h)<\/h2>\t\t\t\t<\/div>\n\t\t\t\t<\/div>\n\t\t\t\t<div class=\"elementor-element elementor-element-a174f74 elementor-widget elementor-widget-text-editor\" data-id=\"a174f74\" data-element_type=\"widget\" data-e-type=\"widget\" data-widget_type=\"text-editor.default\">\n\t\t\t\t<div class=\"elementor-widget-container\">\n\t\t\t\t\t\t\t\t\t<p>A chi \u00e8 rivolto: il programma \u00e8 rivolto a tutti coloro che vogliono diventare insegnanti Pilates o a coloro che sono gi\u00e0 insegnanti e vogliono implementare la loro formazione con il metodo Futura Pilates.<\/p><p>Requisiti: per partecipare occorre aver gi\u00e0 praticato Pilates ed essere in buona forma fisica.<\/p><p class=\"p1\"><span class=\"s1\">Verranno richiesti:<\/span><\/p><ul class=\"ul1\"><li class=\"li1\"><span class=\"s1\">20 ore di studio e pratica personale (autocertificate)<\/span><\/li><li class=\"li1\"><span class=\"s1\">10 ore di osservazione del lavoro svolto da insegnanti FUTURA PILATES<\/span><\/li><\/ul>\t\t\t\t\t\t\t\t<\/div>\n\t\t\t\t<\/div>\n\t\t\t\t<div class=\"elementor-element elementor-element-3c46c5a elementor-align-center elementor-widget elementor-widget-button\" data-id=\"3c46c5a\" data-element_type=\"widget\" data-e-type=\"widget\" data-widget_type=\"button.default\">\n\t\t\t\t<div class=\"elementor-widget-container\">\n\t\t\t\t\t\t\t\t\t<div class=\"elementor-button-wrapper\">\n\t\t\t\t\t<a class=\"elementor-button elementor-button-link elementor-size-lg elementor-animation-shrink\" href=\"https:\/\/formazione.futurapilates.it\/index.php\/matwork-program\/\">\n\t\t\t\t\t\t<span class=\"elementor-button-content-wrapper\">\n\t\t\t\t\t\t\t\t\t<span class=\"elementor-button-text\">LEGGI DI PI\u00d9<\/span>\n\t\t\t\t\t<\/span>\n\t\t\t\t\t<\/a>\n\t\t\t\t<\/div>\n\t\t\t\t\t\t\t\t<\/div>\n\t\t\t\t<\/div>\n\t\t\t\t\t<\/div>\n\t\t<\/div>\n\t\t\t\t\t<\/div>\n\t\t<\/section>\n\t\t\t\t<section class=\"elementor-section elementor-top-section elementor-element elementor-element-1656464 elementor-section-stretched elementor-section-full_width elementor-section-height-default elementor-section-height-default elementor-invisible\" data-id=\"1656464\" data-element_type=\"section\" data-e-type=\"section\" data-settings=\"{&quot;stretch_section&quot;:&quot;section-stretched&quot;,&quot;background_background&quot;:&quot;classic&quot;,&quot;animation&quot;:&quot;fadeInRight&quot;}\">\n\t\t\t\t\t\t<div class=\"elementor-container elementor-column-gap-default\">\n\t\t\t\t\t<div class=\"elementor-column elementor-col-33 elementor-top-column elementor-element elementor-element-228aaa9\" data-id=\"228aaa9\" data-element_type=\"column\" data-e-type=\"column\">\n\t\t\t<div class=\"elementor-widget-wrap elementor-element-populated\">\n\t\t\t\t\t\t<div class=\"elementor-element elementor-element-0b5b1a7 elementor-widget elementor-widget-image\" data-id=\"0b5b1a7\" data-element_type=\"widget\" data-e-type=\"widget\" data-widget_type=\"image.default\">\n\t\t\t\t<div class=\"elementor-widget-container\">\n\t\t\t\t\t\t\t\t\t\t\t\t\t\t\t<img decoding=\"async\" width=\"1024\" height=\"1024\" src=\"https:\/\/formazione.futurapilates.it\/wp-content\/uploads\/2025\/11\/1-2-1024x1024.png\" class=\"attachment-large size-large wp-image-2546\" alt=\"\" srcset=\"https:\/\/formazione.futurapilates.it\/wp-content\/uploads\/2025\/11\/1-2-1024x1024.png 1024w, https:\/\/formazione.futurapilates.it\/wp-content\/uploads\/2025\/11\/1-2-300x300.png 300w, https:\/\/formazione.futurapilates.it\/wp-content\/uploads\/2025\/11\/1-2-150x150.png 150w, https:\/\/formazione.futurapilates.it\/wp-content\/uploads\/2025\/11\/1-2-768x768.png 768w, https:\/\/formazione.futurapilates.it\/wp-content\/uploads\/2025\/11\/1-2-1536x1536.png 1536w, https:\/\/formazione.futurapilates.it\/wp-content\/uploads\/2025\/11\/1-2-2048x2048.png 2048w\" sizes=\"(max-width: 1024px) 100vw, 1024px\" \/>\t\t\t\t\t\t\t\t\t\t\t\t\t\t\t<\/div>\n\t\t\t\t<\/div>\n\t\t\t\t\t<\/div>\n\t\t<\/div>\n\t\t\t\t<div class=\"elementor-column elementor-col-66 elementor-top-column elementor-element elementor-element-05ca085\" data-id=\"05ca085\" data-element_type=\"column\" data-e-type=\"column\">\n\t\t\t<div class=\"elementor-widget-wrap elementor-element-populated\">\n\t\t\t\t\t\t<div class=\"elementor-element elementor-element-ac834f4 elementor-widget elementor-widget-heading\" data-id=\"ac834f4\" data-element_type=\"widget\" data-e-type=\"widget\" data-widget_type=\"heading.default\">\n\t\t\t\t<div class=\"elementor-widget-container\">\n\t\t\t\t\t<h2 class=\"elementor-heading-title elementor-size-default\">COMPREHENSIVE PROGRAM<\/h2>\t\t\t\t<\/div>\n\t\t\t\t<\/div>\n\t\t\t\t<div class=\"elementor-element elementor-element-dfd8a8e elementor-widget elementor-widget-heading\" data-id=\"dfd8a8e\" data-element_type=\"widget\" data-e-type=\"widget\" data-widget_type=\"heading.default\">\n\t\t\t\t<div class=\"elementor-widget-container\">\n\t\t\t\t\t<h2 class=\"elementor-heading-title elementor-size-default\">Formazione completa dal corpo libero alle grandi macchine (72h)<\/h2>\t\t\t\t<\/div>\n\t\t\t\t<\/div>\n\t\t\t\t<div class=\"elementor-element elementor-element-4ceda97 elementor-widget elementor-widget-text-editor\" data-id=\"4ceda97\" data-element_type=\"widget\" data-e-type=\"widget\" data-widget_type=\"text-editor.default\">\n\t\t\t\t<div class=\"elementor-widget-container\">\n\t\t\t\t\t\t\t\t\t<p>A chi \u00e8 rivolto: il programma \u00e8 rivolto a tutti coloro che vogliono diventare insegnanti Pilates o a coloro che sono gi\u00e0 insegnanti e vogliono implementare la loro formazione con il metodo Futura Pilates.<\/p><p>Requisiti: per partecipare occorre aver gi\u00e0 praticato Pilates ed essere in buona forma fisica.<\/p><p class=\"p1\"><span class=\"s1\">Verranno richiesti:<\/span><\/p><ul class=\"ul1\"><li class=\"li1\"><span class=\"s1\">40 ore di studio e pratica personale (autocertificate)<\/span><\/li><li class=\"li1\"><span class=\"s1\">20 ore di osservazione del lavoro svolto da insegnanti FUTURA PILATES<\/span><\/li><\/ul>\t\t\t\t\t\t\t\t<\/div>\n\t\t\t\t<\/div>\n\t\t\t\t<div class=\"elementor-element elementor-element-c530394 elementor-align-center elementor-widget elementor-widget-button\" data-id=\"c530394\" data-element_type=\"widget\" data-e-type=\"widget\" data-widget_type=\"button.default\">\n\t\t\t\t<div class=\"elementor-widget-container\">\n\t\t\t\t\t\t\t\t\t<div class=\"elementor-button-wrapper\">\n\t\t\t\t\t<a class=\"elementor-button elementor-button-link elementor-size-lg elementor-animation-shrink\" href=\"https:\/\/formazione.futurapilates.it\/index.php\/comprehensive-program\/\">\n\t\t\t\t\t\t<span class=\"elementor-button-content-wrapper\">\n\t\t\t\t\t\t\t\t\t<span class=\"elementor-button-text\">LEGGI DI PI\u00d9<\/span>\n\t\t\t\t\t<\/span>\n\t\t\t\t\t<\/a>\n\t\t\t\t<\/div>\n\t\t\t\t\t\t\t\t<\/div>\n\t\t\t\t<\/div>\n\t\t\t\t\t<\/div>\n\t\t<\/div>\n\t\t\t\t\t<\/div>\n\t\t<\/section>\n\t\t\t\t<section class=\"elementor-section elementor-top-section elementor-element elementor-element-da3c95f elementor-section-boxed elementor-section-height-default elementor-section-height-default\" data-id=\"da3c95f\" data-element_type=\"section\" data-e-type=\"section\">\n\t\t\t\t\t\t<div class=\"elementor-container elementor-column-gap-default\">\n\t\t\t\t\t<div class=\"elementor-column elementor-col-100 elementor-top-column elementor-element elementor-element-ad7c700\" data-id=\"ad7c700\" data-element_type=\"column\" data-e-type=\"column\">\n\t\t\t<div class=\"elementor-widget-wrap elementor-element-populated\">\n\t\t\t\t\t\t<div class=\"elementor-element elementor-element-344ed9f elementor-widget elementor-widget-image\" data-id=\"344ed9f\" data-element_type=\"widget\" data-e-type=\"widget\" data-widget_type=\"image.default\">\n\t\t\t\t<div class=\"elementor-widget-container\">\n\t\t\t\t\t\t\t\t\t\t\t\t\t\t\t<img loading=\"lazy\" decoding=\"async\" width=\"1024\" height=\"1024\" src=\"https:\/\/formazione.futurapilates.it\/wp-content\/uploads\/2025\/11\/1-1024x1024.png\" class=\"attachment-large size-large wp-image-2490\" alt=\"\" srcset=\"https:\/\/formazione.futurapilates.it\/wp-content\/uploads\/2025\/11\/1-1024x1024.png 1024w, https:\/\/formazione.futurapilates.it\/wp-content\/uploads\/2025\/11\/1-300x300.png 300w, https:\/\/formazione.futurapilates.it\/wp-content\/uploads\/2025\/11\/1-150x150.png 150w, https:\/\/formazione.futurapilates.it\/wp-content\/uploads\/2025\/11\/1-768x768.png 768w, https:\/\/formazione.futurapilates.it\/wp-content\/uploads\/2025\/11\/1.png 1080w\" sizes=\"(max-width: 1024px) 100vw, 1024px\" \/>\t\t\t\t\t\t\t\t\t\t\t\t\t\t\t<\/div>\n\t\t\t\t<\/div>\n\t\t\t\t\t<\/div>\n\t\t<\/div>\n\t\t\t\t\t<\/div>\n\t\t<\/section>\n\t\t\t\t<\/div>\n\t\t","protected":false},"excerpt":{"rendered":"<p>MATWORK PROGRAM COMPREHENSIVE PROGRAM MATWORK PROGRAM Formazione completa a corpo libero (24h) A chi \u00e8 rivolto: il programma \u00e8 rivolto a tutti coloro che vogliono diventare insegnanti Pilates o a coloro che sono gi\u00e0 insegnanti e vogliono implementare la loro formazione con il metodo Futura Pilates. Requisiti: per partecipare occorre aver gi\u00e0 praticato Pilates ed<\/p>\n<div><a class=\"btn-filled btn\" href=\"https:\/\/formazione.futurapilates.it\/index.php\/programmi\/\" title=\"Programmi\">Continua a leggere<\/a><\/div>\n","protected":false},"author":1,"featured_media":0,"parent":0,"menu_order":0,"comment_status":"closed","ping_status":"closed","template":"","meta":{"pmpro_default_level":"","footnotes":""},"class_list":["post-921","page","type-page","status-publish","hentry","pmpro-has-access"],"_links":{"self":[{"href":"https:\/\/formazione.futurapilates.it\/index.php\/wp-json\/wp\/v2\/pages\/921","targetHints":{"allow":["GET"]}}],"collection":[{"href":"https:\/\/formazione.futurapilates.it\/index.php\/wp-json\/wp\/v2\/pages"}],"about":[{"href":"https:\/\/formazione.futurapilates.it\/index.php\/wp-json\/wp\/v2\/types\/page"}],"author":[{"embeddable":true,"href":"https:\/\/formazione.futurapilates.it\/index.php\/wp-json\/wp\/v2\/users\/1"}],"replies":[{"embeddable":true,"href":"https:\/\/formazione.futurapilates.it\/index.php\/wp-json\/wp\/v2\/comments?post=921"}],"version-history":[{"count":43,"href":"https:\/\/formazione.futurapilates.it\/index.php\/wp-json\/wp\/v2\/pages\/921\/revisions"}],"predecessor-version":[{"id":2550,"href":"https:\/\/formazione.futurapilates.it\/index.php\/wp-json\/wp\/v2\/pages\/921\/revisions\/2550"}],"wp:attachment":[{"href":"https:\/\/formazione.futurapilates.it\/index.php\/wp-json\/wp\/v2\/media?parent=921"}],"curies":[{"name":"wp","href":"https:\/\/api.w.org\/{rel}","templated":true}]}}