{"id":158,"date":"2020-05-24T12:33:53","date_gmt":"2020-05-24T10:33:53","guid":{"rendered":"https:\/\/formazione.futurapilates.it\/?page_id=158"},"modified":"2023-11-18T20:36:18","modified_gmt":"2023-11-18T19:36:18","slug":"regolamento","status":"publish","type":"page","link":"https:\/\/formazione.futurapilates.it\/index.php\/regolamento\/","title":{"rendered":"Regolamento"},"content":{"rendered":"\t\t<div data-elementor-type=\"wp-page\" data-elementor-id=\"158\" class=\"elementor elementor-158\" data-elementor-post-type=\"page\">\n\t\t\t\t\t\t<section class=\"elementor-section elementor-top-section elementor-element elementor-element-e63f588 elementor-section-stretched elementor-section-full_width elementor-section-height-default elementor-section-height-default\" data-id=\"e63f588\" data-element_type=\"section\" data-e-type=\"section\" data-settings=\"{&quot;stretch_section&quot;:&quot;section-stretched&quot;}\">\n\t\t\t\t\t\t<div class=\"elementor-container elementor-column-gap-default\">\n\t\t\t\t\t<div class=\"elementor-column elementor-col-100 elementor-top-column elementor-element elementor-element-f618043\" data-id=\"f618043\" data-element_type=\"column\" data-e-type=\"column\">\n\t\t\t<div class=\"elementor-widget-wrap elementor-element-populated\">\n\t\t\t\t\t\t<div class=\"elementor-element elementor-element-ddd89b9 elementor-widget elementor-widget-heading\" data-id=\"ddd89b9\" data-element_type=\"widget\" data-e-type=\"widget\" data-widget_type=\"heading.default\">\n\t\t\t\t<div class=\"elementor-widget-container\">\n\t\t\t\t\t<h2 class=\"elementor-heading-title elementor-size-default\">Regolamento Formazione Futura Pilates<\/h2>\t\t\t\t<\/div>\n\t\t\t\t<\/div>\n\t\t\t\t<div class=\"elementor-element elementor-element-3de4947 elementor-widget elementor-widget-text-editor\" data-id=\"3de4947\" data-element_type=\"widget\" data-e-type=\"widget\" data-widget_type=\"text-editor.default\">\n\t\t\t\t<div class=\"elementor-widget-container\">\n\t\t\t\t\t\t\t\t\t<p>Le date dei corsi potrebbero subire variazioni.<\/p><p>La conferma dei corsi, agli iscritti, verr\u00e0 comunicata a mezzo mail la settimana prima della data dell\u2019inizio del corso.<\/p><p>Si prega di fornire l\u2019indirizzo di posta elettronica in quanto le comunicazioni saranno effettuate solamente attraverso email. La segreteria non si ritiene responsabile del mancato preavviso o di omessa comunicazione e, in tal caso, sar\u00e0 cura dell\u2019iscritto contattare la segreteria.<\/p><p>La direzione si riserva il diritto di annullare i corsi in programma per mancato raggiungimento del numero minimo di iscritti o in caso di gravi motivi organizzativi offrendo al corsista la possibilit\u00e0 di ricevere un buono con cui cambiare le date o scegliere un altro corso oppure ricevere il rimborso* (100\u20ac non sono mai rimborsabili).<br \/><em>* Il rimborso deve essere richiesto entro 10 giorni dalla data di annullamento del corso.<\/em><\/p><p><em><strong>Nota per gli iscritti: \u00e8 consigliabile effettuare sempre prenotazioni rimborsabili di biglietti aerei, treno e soggiorno poich\u00e9, in base alle nostre politiche di rimborso, FFP rimborsa solo il pagamento della quota del corso, qualora esso dovesse essere annullato.<\/strong><\/em><\/p><ul><li>La quota d\u2019iscrizione \u00e8 da versarsi almeno 30 gg. prima della data d\u2019inizio del corso. Dopo tale termine la quota subir\u00e0 un aumento di 50\u20ac. L\u2019iscrizione il giorno stesso comporta un ulteriore aumento di 20\u20ac.<\/li><li>I pagamenti rateizzati subiscono un piccolo incremento rispetto al versamento della quota intera ed \u00e8 necessario rispettare la scadenza indicata, oltre la quale verr\u00e0 applicata una maggiorazione. \u00c8 necessario aver saldato l\u2019intera quota entro la data di fine corso.<\/li><li>Regolare documentazione fiscale verr\u00e0 emessa al termine del servizio.<\/li><li>E&#8217; obbligatorio saldare l\u2019intero corso anche in caso di abbandono e\/o mancata partecipazione. Nel caso di abbandono determinato da un documentato e giustificato motivo, e, previa accettazione nostra,\u00a0 il corsista potr\u00e0 decidere di riprendere, entro un anno dalla data dell\u2019inizio del corso, senza pagamento alcuno.<\/li><li>In caso di grave indisposizione che non consenta la partecipazione al corso la quota sar\u00e0 abbonata\/rimborsata solo se sar\u00e0 trasmesso via email almeno 48 ore prima dell\u2019inizio del corso certificato medico da cui emerga l\u2019impossibilit\u00e0 alla partecipazione (100\u20ac non sono mai rimborsabili).<\/li><li>Per esigenze pratiche, durante le lezioni, \u00e8 richiesto un abbigliamento sportivo.<\/li><li>La tolleranza massima di entrata\/uscita anticipata dalle lezioni \u00e8 di 30 minuti.<\/li><li>La Direzione declina ogni responsabilit\u00e0 in caso di furto di qualunque tipo di oggetto lasciato incustodito o dimenticato all\u2019interno delle sale dove si svolgono i corsi e gli eventi e\/o negli spogliatoi.<\/li><li>Non sono ammessi in aula gli accompagnatori.<\/li><li>Le lezioni perse non vengono rimborsate ne recuperate e costituiscono materia d\u2019esame.<\/li><li>I partecipanti autorizzano gli organizzatori ad utilizzare, a fini promo-pubblicitari , immagini scattate durante i corsi.<\/li><li>Per garantire un rapporto ottimale tra docente e allievo, i corsi sono riservati ad un numero chiuso di allievi.\u00a0<\/li><li>non \u00e8 consentito effettuare videoriprese e registrazioni audio.\u00a0<\/li><li>Per accedere agli esami \u00e8 obbligatoria la frequentazione di almeno il 75% delle lezioni.<\/li><li>Il\/i docenti incaricati degli esami sono liberi ed indipendenti nella valutazione del test finale.<\/li><li>Il corsista che non intende sostenere l\u2019esame nella sessione prevista dal corso deve inviare formale rinuncia scritta, almeno 10 giorni prima della data fissata per lo stesso (in caso contrario si riterr\u00e0 non superato l\u2019esame). Solo in tal caso potr\u00e0 sostenerlo entro un anno dalla data della fine del corso, oltre questo limite temporale \u00e8 necessario versare una tassa di esame pari a 60\u20ac.<\/li><li>I test relativi all\u2019esame possono essere visualizzati con il docente soltanto contestualmente all\u2019esame stesso.<\/li><li>Gli esami possono essere sostenuti nelle date in programmazione per corsi dello stesso genere.<\/li><li>Il successo nella prova scritta e il mancato superamento della prova pratica, rimanda l\u2019allievo alla ripetizione della sola prova pratica (e viceversa).\u00a0<\/li><\/ul><p>Con il perfezionamento dell&#8217;iscrizione, il partecipante dichiara di aver preso visione del presente regolamento, di aver letto e di aver accettato i requisiti richiesti per la partecipazione al corso prescelto.<\/p>\t\t\t\t\t\t\t\t<\/div>\n\t\t\t\t<\/div>\n\t\t\t\t\t<\/div>\n\t\t<\/div>\n\t\t\t\t\t<\/div>\n\t\t<\/section>\n\t\t\t\t<\/div>\n\t\t","protected":false},"excerpt":{"rendered":"<p>Regolamento Formazione Futura Pilates Le date dei corsi potrebbero subire variazioni. La conferma dei corsi, agli iscritti, verr\u00e0 comunicata a mezzo mail la settimana prima della data dell\u2019inizio del corso. Si prega di fornire l\u2019indirizzo di posta elettronica in quanto le comunicazioni saranno effettuate solamente attraverso email. La segreteria non si ritiene responsabile del mancato<\/p>\n<div><a class=\"btn-filled btn\" href=\"https:\/\/formazione.futurapilates.it\/index.php\/regolamento\/\" title=\"Regolamento\">Continua a leggere<\/a><\/div>\n","protected":false},"author":1,"featured_media":0,"parent":0,"menu_order":0,"comment_status":"closed","ping_status":"closed","template":"","meta":{"pmpro_default_level":"","footnotes":""},"class_list":["post-158","page","type-page","status-publish","hentry","pmpro-has-access"],"_links":{"self":[{"href":"https:\/\/formazione.futurapilates.it\/index.php\/wp-json\/wp\/v2\/pages\/158","targetHints":{"allow":["GET"]}}],"collection":[{"href":"https:\/\/formazione.futurapilates.it\/index.php\/wp-json\/wp\/v2\/pages"}],"about":[{"href":"https:\/\/formazione.futurapilates.it\/index.php\/wp-json\/wp\/v2\/types\/page"}],"author":[{"embeddable":true,"href":"https:\/\/formazione.futurapilates.it\/index.php\/wp-json\/wp\/v2\/users\/1"}],"replies":[{"embeddable":true,"href":"https:\/\/formazione.futurapilates.it\/index.php\/wp-json\/wp\/v2\/comments?post=158"}],"version-history":[{"count":6,"href":"https:\/\/formazione.futurapilates.it\/index.php\/wp-json\/wp\/v2\/pages\/158\/revisions"}],"predecessor-version":[{"id":2009,"href":"https:\/\/formazione.futurapilates.it\/index.php\/wp-json\/wp\/v2\/pages\/158\/revisions\/2009"}],"wp:attachment":[{"href":"https:\/\/formazione.futurapilates.it\/index.php\/wp-json\/wp\/v2\/media?parent=158"}],"curies":[{"name":"wp","href":"https:\/\/api.w.org\/{rel}","templated":true}]}}